{"id":280,"date":"2023-03-23T09:49:53","date_gmt":"2023-03-23T09:49:53","guid":{"rendered":"https:\/\/tessuticocci.com\/?page_id=280"},"modified":"2023-03-23T11:19:43","modified_gmt":"2023-03-23T11:19:43","slug":"home","status":"publish","type":"page","link":"https:\/\/tessuticocci.it\/","title":{"rendered":"Home"},"content":{"rendered":"\n[smartslider3 slider=&#8221;2&#8243;]\n\n\n\n<div style=\"height: 60px;\"><\/div>\n\n\n\n<div class=\"wp-block-columns is-layout-flex wp-container-core-columns-is-layout-9d6595d7 wp-block-columns-is-layout-flex\">\n<div class=\"wp-block-column is-layout-flow wp-block-column-is-layout-flow\" style=\"flex-basis:25%\"><\/div>\n\n\n\n<div class=\"wp-block-column is-layout-flow wp-block-column-is-layout-flow\" style=\"flex-basis:50%\">\n<h2 class=\"wp-block-heading has-text-align-center\">Vendita di tessuti di alta qualit\u00e0 a Fossombrone, in provincia di Pesaro e Urbino<\/h2>\n<\/div>\n\n\n\n<div class=\"wp-block-column is-layout-flow wp-block-column-is-layout-flow\" style=\"flex-basis:25%\"><\/div>\n<\/div>\n\n\n\n<div class=\"wp-block-columns is-layout-flex wp-container-core-columns-is-layout-9d6595d7 wp-block-columns-is-layout-flex\">\n<div class=\"wp-block-column is-layout-flow wp-block-column-is-layout-flow\">\n<p>Esperienza nel settore tessile, competenza nella scelta dei materiali, capacit\u00e0 di relazionarsi con clienti e fornitori con seriet\u00e0 e grande disponibilit\u00e0. Sono questi gli elementi che hanno reso negli anni la nostra azienda un vero e proprio punto di riferimento nel campo dell&#8217;ingrosso e dettaglio di tessuti per l&#8217;abbigliamento e tessuti per l&#8217;arredamento.<\/p>\n\n\n\n<p>Tessuti Cocci, con sede a Fossombrone in provincia di Pesaro &#8211; Urbino ricerca sul mercato italiano le stoffe pi\u00f9 pregiate proponendoti il meglio della produzione nazionale per la realizzazione delle tue creazioni.<\/p>\n<\/div>\n\n\n\n<div class=\"wp-block-column is-layout-flow wp-block-column-is-layout-flow\">\n<p>Riforniamo imprese tessili, artigiani dell&#8217;arredamento e laboratori sartoriali, ma anche semplici appassionati del cucito, di tessuti di altissima qualit\u00e0 a prezzi di stock.<\/p>\n\n\n\n<p>I nostri prodotti includono stoffe e materiali di ogni tipo: tessuti a maglia e tessuti elasticizzati, fibre naturali e sintetiche, tendaggi, tappeti e rivestimenti per tappezzeria.<\/p>\n\n\n\n<p>Scopri la qualit\u00e0 e la convenienza delle nostre proposte: siamo aperti tutti i giorni da luned\u00ec (chiuso il pomeriggio) al sabato.&nbsp;<\/p>\n<\/div>\n<\/div>\n\n\n\n<div class=\"wp-block-columns is-layout-flex wp-container-core-columns-is-layout-9d6595d7 wp-block-columns-is-layout-flex\">\n<div class=\"wp-block-column is-layout-flow wp-block-column-is-layout-flow\">\n<figure class=\"wp-block-image size-large\"><img loading=\"lazy\" decoding=\"async\" width=\"1024\" height=\"682\" src=\"http:\/\/tessuticocci.com\/wp-content\/uploads\/2023\/03\/Tessuti-TESSUTICOCCI-Fossombrone-002-1104w-1024x682.jpg\" alt=\"\" class=\"wp-image-304\" srcset=\"https:\/\/tessuticocci.it\/wp-content\/uploads\/2023\/03\/Tessuti-TESSUTICOCCI-Fossombrone-002-1104w-1024x682.jpg 1024w, https:\/\/tessuticocci.it\/wp-content\/uploads\/2023\/03\/Tessuti-TESSUTICOCCI-Fossombrone-002-1104w-300x200.jpg 300w, https:\/\/tessuticocci.it\/wp-content\/uploads\/2023\/03\/Tessuti-TESSUTICOCCI-Fossombrone-002-1104w-768x512.jpg 768w, https:\/\/tessuticocci.it\/wp-content\/uploads\/2023\/03\/Tessuti-TESSUTICOCCI-Fossombrone-002-1104w.jpg 1100w\" sizes=\"auto, (max-width: 1024px) 100vw, 1024px\" \/><\/figure>\n<\/div>\n\n\n\n<div class=\"wp-block-column is-layout-flow wp-block-column-is-layout-flow\">\n<h5 class=\"wp-block-heading\">Ingrosso stoffe e tendaggi<\/h5>\n\n\n\n<p>All&#8217;interno del nostro magazzino in Via Umberto I 42 a Fossombrone troverai tutti i tipi di tessuti per la sartoria, per i tendaggi, le fodere e per l&#8217;industria tessile. Ricerchiamo i tessuti pi\u00f9 moderni e funzionali, individuiamo le fantasie e le trame di tendenza per offrire al nostro pubblico prodotti in costante aggiornamento, in linea con le richieste del settore.&nbsp;<\/p>\n\n\n\n<p>Oltre il 90% delle nostre proposte proviene da aziende Made in Italy: un&#8217;ulteriore garanzia di qualit\u00e0 che va ad aggiungersi al prezzo estremamente vantaggioso che possiamo offrirti, sia all&#8217;ingrosso che al dettaglio.<\/p>\n<\/div>\n<\/div>\n\n\n\n<div class=\"wp-block-columns is-layout-flex wp-container-core-columns-is-layout-9d6595d7 wp-block-columns-is-layout-flex\">\n<div class=\"wp-block-column is-layout-flow wp-block-column-is-layout-flow\">\n<h5 class=\"wp-block-heading\">Selezione di stoffe pregiate<\/h5>\n\n\n\n<p>Grazie alla nostra lunga esperienza e alla nostra filosofia che mette al primo posto la soddisfazione e la fedelt\u00e0 dei nostri clienti siamo in grado di proporti una selezione costantemente rifornita di tessuti di prima scelta e di seconda scelta a prezzi da stock.&nbsp;<\/p>\n\n\n\n<p>Tra gli articoli in offerta che potrai trovare nel nostro punto vendita ci sono tessuti a maglia, tessuti in lana, tessuti di lino, tessuti di polipropilene, tessuti di velluto, tessuti di viscosa e stoffe di ogni genere. Siamo pronti ad accontentare ogni tua necessit\u00e0: contattaci per maggiori informazioni.&nbsp;<\/p>\n<\/div>\n\n\n\n<div class=\"wp-block-column is-layout-flow wp-block-column-is-layout-flow\">\n<figure class=\"wp-block-image size-large\"><img loading=\"lazy\" decoding=\"async\" width=\"1024\" height=\"768\" src=\"http:\/\/tessuticocci.com\/wp-content\/uploads\/2023\/03\/Tessuti-TESSUTICOCCI-Fossombrone-003-1104w-1024x768.jpg\" alt=\"\" class=\"wp-image-307\" srcset=\"https:\/\/tessuticocci.it\/wp-content\/uploads\/2023\/03\/Tessuti-TESSUTICOCCI-Fossombrone-003-1104w-1024x768.jpg 1024w, https:\/\/tessuticocci.it\/wp-content\/uploads\/2023\/03\/Tessuti-TESSUTICOCCI-Fossombrone-003-1104w-300x225.jpg 300w, https:\/\/tessuticocci.it\/wp-content\/uploads\/2023\/03\/Tessuti-TESSUTICOCCI-Fossombrone-003-1104w-768x576.jpg 768w, https:\/\/tessuticocci.it\/wp-content\/uploads\/2023\/03\/Tessuti-TESSUTICOCCI-Fossombrone-003-1104w-800x600.jpg 800w, https:\/\/tessuticocci.it\/wp-content\/uploads\/2023\/03\/Tessuti-TESSUTICOCCI-Fossombrone-003-1104w.jpg 1100w\" sizes=\"auto, (max-width: 1024px) 100vw, 1024px\" \/><\/figure>\n<\/div>\n<\/div>\n\n\n\nngg_shortcode_0_placeholder\n\n\n\n<p><\/p>\n","protected":false},"excerpt":{"rendered":"<p>[smartslider3 slider=&#8221;2&#8243;] Vendita di tessuti di alta qualit\u00e0 a Fossombrone, in provincia di Pesaro e Urbino Esperienza nel settore tessile,&#8230;<\/p>\n","protected":false},"author":1,"featured_media":0,"parent":0,"menu_order":0,"comment_status":"closed","ping_status":"closed","template":"","meta":{"ngg_post_thumbnail":0,"footnotes":""},"class_list":["post-280","page","type-page","status-publish","hentry"],"yoast_head":"<!-- This site is optimized with the Yoast SEO plugin v24.9 - https:\/\/yoast.com\/wordpress\/plugins\/seo\/ -->\n<title>Home - Blog Tessuti Cocci Srl<\/title>\n<meta name=\"robots\" content=\"index, follow, max-snippet:-1, max-image-preview:large, max-video-preview:-1\" \/>\n<link rel=\"canonical\" href=\"https:\/\/tessuticocci.it\/\" \/>\n<meta property=\"og:locale\" content=\"it_IT\" \/>\n<meta property=\"og:type\" content=\"article\" \/>\n<meta property=\"og:title\" content=\"Home - Blog Tessuti Cocci Srl\" \/>\n<meta property=\"og:description\" content=\"[smartslider3 slider=&#8221;2&#8243;] Vendita di tessuti di alta qualit\u00e0 a Fossombrone, in provincia di Pesaro e Urbino Esperienza nel settore tessile,...\" \/>\n<meta property=\"og:url\" content=\"https:\/\/tessuticocci.it\/\" \/>\n<meta property=\"og:site_name\" content=\"Blog Tessuti Cocci Srl\" \/>\n<meta property=\"article:modified_time\" content=\"2023-03-23T11:19:43+00:00\" \/>\n<meta property=\"og:image\" content=\"http:\/\/tessuticocci.com\/wp-content\/uploads\/2023\/03\/Tessuti-TESSUTICOCCI-Fossombrone-002-1104w-1024x682.jpg\" \/>\n<meta name=\"twitter:card\" content=\"summary_large_image\" \/>\n<meta name=\"twitter:label1\" content=\"Tempo di lettura stimato\" \/>\n\t<meta name=\"twitter:data1\" content=\"3 minuti\" \/>\n<script type=\"application\/ld+json\" class=\"yoast-schema-graph\">{\"@context\":\"https:\/\/schema.org\",\"@graph\":[{\"@type\":\"WebPage\",\"@id\":\"https:\/\/tessuticocci.it\/\",\"url\":\"https:\/\/tessuticocci.it\/\",\"name\":\"Home - Blog Tessuti Cocci Srl\",\"isPartOf\":{\"@id\":\"https:\/\/tessuticocci.it\/#website\"},\"primaryImageOfPage\":{\"@id\":\"https:\/\/tessuticocci.it\/#primaryimage\"},\"image\":{\"@id\":\"https:\/\/tessuticocci.it\/#primaryimage\"},\"thumbnailUrl\":\"http:\/\/tessuticocci.com\/wp-content\/uploads\/2023\/03\/Tessuti-TESSUTICOCCI-Fossombrone-002-1104w-1024x682.jpg\",\"datePublished\":\"2023-03-23T09:49:53+00:00\",\"dateModified\":\"2023-03-23T11:19:43+00:00\",\"breadcrumb\":{\"@id\":\"https:\/\/tessuticocci.it\/#breadcrumb\"},\"inLanguage\":\"it-IT\",\"potentialAction\":[{\"@type\":\"ReadAction\",\"target\":[\"https:\/\/tessuticocci.it\/\"]}]},{\"@type\":\"ImageObject\",\"inLanguage\":\"it-IT\",\"@id\":\"https:\/\/tessuticocci.it\/#primaryimage\",\"url\":\"http:\/\/tessuticocci.com\/wp-content\/uploads\/2023\/03\/Tessuti-TESSUTICOCCI-Fossombrone-002-1104w-1024x682.jpg\",\"contentUrl\":\"http:\/\/tessuticocci.com\/wp-content\/uploads\/2023\/03\/Tessuti-TESSUTICOCCI-Fossombrone-002-1104w-1024x682.jpg\"},{\"@type\":\"BreadcrumbList\",\"@id\":\"https:\/\/tessuticocci.it\/#breadcrumb\",\"itemListElement\":[{\"@type\":\"ListItem\",\"position\":1,\"name\":\"Home\",\"item\":\"https:\/\/tessuticocci.it\/\"},{\"@type\":\"ListItem\",\"position\":2,\"name\":\"Home\"}]},{\"@type\":\"WebSite\",\"@id\":\"https:\/\/tessuticocci.it\/#website\",\"url\":\"https:\/\/tessuticocci.it\/\",\"name\":\"Blog Tessuti Cocci Srl\",\"description\":\"\",\"publisher\":{\"@id\":\"https:\/\/tessuticocci.it\/#organization\"},\"potentialAction\":[{\"@type\":\"SearchAction\",\"target\":{\"@type\":\"EntryPoint\",\"urlTemplate\":\"https:\/\/tessuticocci.it\/?s={search_term_string}\"},\"query-input\":{\"@type\":\"PropertyValueSpecification\",\"valueRequired\":true,\"valueName\":\"search_term_string\"}}],\"inLanguage\":\"it-IT\"},{\"@type\":\"Organization\",\"@id\":\"https:\/\/tessuticocci.it\/#organization\",\"name\":\"Blog Tessuti Cocci Srl\",\"url\":\"https:\/\/tessuticocci.it\/\",\"logo\":{\"@type\":\"ImageObject\",\"inLanguage\":\"it-IT\",\"@id\":\"https:\/\/tessuticocci.it\/#\/schema\/logo\/image\/\",\"url\":\"https:\/\/tessuticocci.it\/wp-content\/uploads\/2021\/01\/cropped-LOGO-TESSUTI-COCCI.png\",\"contentUrl\":\"https:\/\/tessuticocci.it\/wp-content\/uploads\/2021\/01\/cropped-LOGO-TESSUTI-COCCI.png\",\"width\":606,\"height\":377,\"caption\":\"Blog Tessuti Cocci Srl\"},\"image\":{\"@id\":\"https:\/\/tessuticocci.it\/#\/schema\/logo\/image\/\"}}]}<\/script>\n<!-- \/ Yoast SEO plugin. -->","yoast_head_json":{"title":"Home - Blog Tessuti Cocci Srl","robots":{"index":"index","follow":"follow","max-snippet":"max-snippet:-1","max-image-preview":"max-image-preview:large","max-video-preview":"max-video-preview:-1"},"canonical":"https:\/\/tessuticocci.it\/","og_locale":"it_IT","og_type":"article","og_title":"Home - Blog Tessuti Cocci Srl","og_description":"[smartslider3 slider=&#8221;2&#8243;] Vendita di tessuti di alta qualit\u00e0 a Fossombrone, in provincia di Pesaro e Urbino Esperienza nel settore tessile,...","og_url":"https:\/\/tessuticocci.it\/","og_site_name":"Blog Tessuti Cocci Srl","article_modified_time":"2023-03-23T11:19:43+00:00","og_image":[{"url":"http:\/\/tessuticocci.com\/wp-content\/uploads\/2023\/03\/Tessuti-TESSUTICOCCI-Fossombrone-002-1104w-1024x682.jpg","type":"","width":"","height":""}],"twitter_card":"summary_large_image","twitter_misc":{"Tempo di lettura stimato":"3 minuti"},"schema":{"@context":"https:\/\/schema.org","@graph":[{"@type":"WebPage","@id":"https:\/\/tessuticocci.it\/","url":"https:\/\/tessuticocci.it\/","name":"Home - Blog Tessuti Cocci Srl","isPartOf":{"@id":"https:\/\/tessuticocci.it\/#website"},"primaryImageOfPage":{"@id":"https:\/\/tessuticocci.it\/#primaryimage"},"image":{"@id":"https:\/\/tessuticocci.it\/#primaryimage"},"thumbnailUrl":"http:\/\/tessuticocci.com\/wp-content\/uploads\/2023\/03\/Tessuti-TESSUTICOCCI-Fossombrone-002-1104w-1024x682.jpg","datePublished":"2023-03-23T09:49:53+00:00","dateModified":"2023-03-23T11:19:43+00:00","breadcrumb":{"@id":"https:\/\/tessuticocci.it\/#breadcrumb"},"inLanguage":"it-IT","potentialAction":[{"@type":"ReadAction","target":["https:\/\/tessuticocci.it\/"]}]},{"@type":"ImageObject","inLanguage":"it-IT","@id":"https:\/\/tessuticocci.it\/#primaryimage","url":"http:\/\/tessuticocci.com\/wp-content\/uploads\/2023\/03\/Tessuti-TESSUTICOCCI-Fossombrone-002-1104w-1024x682.jpg","contentUrl":"http:\/\/tessuticocci.com\/wp-content\/uploads\/2023\/03\/Tessuti-TESSUTICOCCI-Fossombrone-002-1104w-1024x682.jpg"},{"@type":"BreadcrumbList","@id":"https:\/\/tessuticocci.it\/#breadcrumb","itemListElement":[{"@type":"ListItem","position":1,"name":"Home","item":"https:\/\/tessuticocci.it\/"},{"@type":"ListItem","position":2,"name":"Home"}]},{"@type":"WebSite","@id":"https:\/\/tessuticocci.it\/#website","url":"https:\/\/tessuticocci.it\/","name":"Blog Tessuti Cocci Srl","description":"","publisher":{"@id":"https:\/\/tessuticocci.it\/#organization"},"potentialAction":[{"@type":"SearchAction","target":{"@type":"EntryPoint","urlTemplate":"https:\/\/tessuticocci.it\/?s={search_term_string}"},"query-input":{"@type":"PropertyValueSpecification","valueRequired":true,"valueName":"search_term_string"}}],"inLanguage":"it-IT"},{"@type":"Organization","@id":"https:\/\/tessuticocci.it\/#organization","name":"Blog Tessuti Cocci Srl","url":"https:\/\/tessuticocci.it\/","logo":{"@type":"ImageObject","inLanguage":"it-IT","@id":"https:\/\/tessuticocci.it\/#\/schema\/logo\/image\/","url":"https:\/\/tessuticocci.it\/wp-content\/uploads\/2021\/01\/cropped-LOGO-TESSUTI-COCCI.png","contentUrl":"https:\/\/tessuticocci.it\/wp-content\/uploads\/2021\/01\/cropped-LOGO-TESSUTI-COCCI.png","width":606,"height":377,"caption":"Blog Tessuti Cocci Srl"},"image":{"@id":"https:\/\/tessuticocci.it\/#\/schema\/logo\/image\/"}}]}},"_links":{"self":[{"href":"https:\/\/tessuticocci.it\/index.php?rest_route=\/wp\/v2\/pages\/280","targetHints":{"allow":["GET"]}}],"collection":[{"href":"https:\/\/tessuticocci.it\/index.php?rest_route=\/wp\/v2\/pages"}],"about":[{"href":"https:\/\/tessuticocci.it\/index.php?rest_route=\/wp\/v2\/types\/page"}],"author":[{"embeddable":true,"href":"https:\/\/tessuticocci.it\/index.php?rest_route=\/wp\/v2\/users\/1"}],"replies":[{"embeddable":true,"href":"https:\/\/tessuticocci.it\/index.php?rest_route=%2Fwp%2Fv2%2Fcomments&post=280"}],"version-history":[{"count":11,"href":"https:\/\/tessuticocci.it\/index.php?rest_route=\/wp\/v2\/pages\/280\/revisions"}],"predecessor-version":[{"id":355,"href":"https:\/\/tessuticocci.it\/index.php?rest_route=\/wp\/v2\/pages\/280\/revisions\/355"}],"wp:attachment":[{"href":"https:\/\/tessuticocci.it\/index.php?rest_route=%2Fwp%2Fv2%2Fmedia&parent=280"}],"curies":[{"name":"wp","href":"https:\/\/api.w.org\/{rel}","templated":true}]}}